{"id":2764,"date":"2023-06-02T10:15:59","date_gmt":"2023-06-02T08:15:59","guid":{"rendered":"https:\/\/www.residenz-koenigsleiten.at\/impressum\/"},"modified":"2026-04-13T08:39:21","modified_gmt":"2026-04-13T06:39:21","slug":"impressum","status":"publish","type":"page","link":"https:\/\/www.residenz-koenigsleiten.at\/nl\/impressum\/","title":{"rendered":"Afdruk"},"content":{"rendered":"\t\t<div data-elementor-type=\"wp-page\" data-elementor-id=\"2764\" class=\"elementor elementor-2764 elementor-2444\" data-elementor-post-type=\"page\">\n\t\t\t\t\t\t<section class=\"elementor-section elementor-top-section elementor-element elementor-element-1931c1a elementor-section-height-min-height elementor-section-boxed elementor-section-height-default elementor-section-items-middle\" data-id=\"1931c1a\" data-element_type=\"section\" data-settings=\"{&quot;background_background&quot;:&quot;classic&quot;}\">\n\t\t\t\t\t\t\t<div class=\"elementor-background-overlay\"><\/div>\n\t\t\t\t\t\t\t<div class=\"elementor-container elementor-column-gap-no\">\n\t\t\t\t\t<div class=\"elementor-column elementor-col-100 elementor-top-column elementor-element elementor-element-d74a7f4\" data-id=\"d74a7f4\" data-element_type=\"column\" data-settings=\"{&quot;background_background&quot;:&quot;classic&quot;}\">\n\t\t\t<div class=\"elementor-widget-wrap elementor-element-populated\">\n\t\t\t\t\t\t<div class=\"elementor-element elementor-element-80c89c9 elementor-widget elementor-widget-heading\" data-id=\"80c89c9\" data-element_type=\"widget\" data-widget_type=\"heading.default\">\n\t\t\t\t<div class=\"elementor-widget-container\">\n\t\t\t<style>\/*! elementor - v3.21.0 - 26-05-2024 *\/\n.elementor-heading-title{padding:0;margin:0;line-height:1}.elementor-widget-heading .elementor-heading-title[class*=elementor-size-]>a{color:inherit;font-size:inherit;line-height:inherit}.elementor-widget-heading .elementor-heading-title.elementor-size-small{font-size:15px}.elementor-widget-heading .elementor-heading-title.elementor-size-medium{font-size:19px}.elementor-widget-heading .elementor-heading-title.elementor-size-large{font-size:29px}.elementor-widget-heading .elementor-heading-title.elementor-size-xl{font-size:39px}.elementor-widget-heading .elementor-heading-title.elementor-size-xxl{font-size:59px}<\/style><h1 class=\"elementor-heading-title elementor-size-default\">Informationspflicht lt. \u00a75 E-Commerce-Gesetz, \u00a714 Unternehmensgesetzbuch bzw. \u00a763 Gewerbeordnung und Offenlegungspflicht lt. \u00a725 Mediengesetz\n<\/h1>\t\t<\/div>\n\t\t\t\t<\/div>\n\t\t\t\t<div class=\"elementor-element elementor-element-b003bfc elementor-widget elementor-widget-heading\" data-id=\"b003bfc\" data-element_type=\"widget\" data-widget_type=\"heading.default\">\n\t\t\t\t<div class=\"elementor-widget-container\">\n\t\t\t<h2 class=\"elementor-heading-title elementor-size-default\">Afdruk<\/h2>\t\t<\/div>\n\t\t\t\t<\/div>\n\t\t\t\t\t<\/div>\n\t\t<\/div>\n\t\t\t\t\t<\/div>\n\t\t<\/section>\n\t\t\t\t<section class=\"elementor-section elementor-top-section elementor-element elementor-element-4708041 elementor-section-boxed elementor-section-height-default elementor-section-height-default\" data-id=\"4708041\" data-element_type=\"section\">\n\t\t\t\t\t\t<div class=\"elementor-container elementor-column-gap-no\">\n\t\t\t\t\t<div class=\"elementor-column elementor-col-100 elementor-top-column elementor-element elementor-element-128abc0\" data-id=\"128abc0\" data-element_type=\"column\">\n\t\t\t<div class=\"elementor-widget-wrap elementor-element-populated\">\n\t\t\t\t\t\t<div class=\"elementor-element elementor-element-c22d229 elementor-widget elementor-widget-text-editor\" data-id=\"c22d229\" data-element_type=\"widget\" data-widget_type=\"text-editor.default\">\n\t\t\t\t<div class=\"elementor-widget-container\">\n\t\t\t<style>\/*! elementor - v3.21.0 - 26-05-2024 *\/\n.elementor-widget-text-editor.elementor-drop-cap-view-stacked .elementor-drop-cap{background-color:#69727d;color:#fff}.elementor-widget-text-editor.elementor-drop-cap-view-framed .elementor-drop-cap{color:#69727d;border:3px solid;background-color:transparent}.elementor-widget-text-editor:not(.elementor-drop-cap-view-default) .elementor-drop-cap{margin-top:8px}.elementor-widget-text-editor:not(.elementor-drop-cap-view-default) .elementor-drop-cap-letter{width:1em;height:1em}.elementor-widget-text-editor .elementor-drop-cap{float:left;text-align:center;line-height:1;font-size:50px}.elementor-widget-text-editor .elementor-drop-cap-letter{display:inline-block}<\/style>\t\t\t\t<p><strong>Familie Obermoser<\/strong><br \/>Residenz K\u00f6nigsleiten<br \/>K\u00f6nigsleiten 61<br \/>5742 K\u00f6nigsleiten<br \/>\u00d6sterreich <\/p>\n<p>+43 6564 8216<br \/>Email: <a href=\"mailto:info@residenz-koenigsleiten.at\">info@residenz-koenigsleiten.at<\/a><\/p>\n<p><strong>Unternehmensgegenstand<\/strong>: Gastronomie &amp; Hotellerie<br \/><strong>UID<\/strong>: ATU33719107<br \/><strong>Firmenbuchnummer<\/strong>: FN 61201b<br \/><strong>Firmenbuch-Gericht<\/strong>: Landesgericht Salzburg<br \/><strong>Firmensitz<\/strong>: 5742 K\u00f6nigsleiten<\/p>\n<p><strong>Wirtschaftskammer<\/strong>: Wirtschaftskammer Salzburg, FG Gastronomie, FG Hotellerie<br \/><strong>Anwendbare Rechtsvorschriften<\/strong>: Gewerbeordnung: Rechtsinformationssystem des Bundes <a href=\"https:\/\/www.ris.bka.gv.at\/\" target=\"_blank\" rel=\"noopener noreferrer\">https:\/\/www.ris.bka.gv.at\/<\/a><br \/><strong>Aufsichtsbeh\u00f6rde<\/strong>: Bezirkshauptmannschaft Zell am See<br \/><strong>Gerichtsstand<\/strong>: Zell am See<\/p>\n<p><a href=\"https:\/\/firmen.wko.at\/hotel-k%c3%b6nigsleiten-betriebs--gesellschaft-mit-beschr%c3%a4nkter-haftung-ferienclub-k%c3%b6nigsleiten\/salzburg\/?firmaid=3da914e3-b339-47ff-97a2-2679801f6ac7&amp;suchbegriff=hotelk%c3%b6nigsleiten\" target=\"_blank\" rel=\"nofollow noopener\"><img decoding=\"async\" class=\"entered lazyloaded alignnone wp-image-2062 size-full\" src=\"\/wp-content\/uploads\/2023\/05\/ecg.jpg\" alt=\"\" width=\"169\" height=\"23\" data-lazy-src=\"\/wp-content\/uploads\/2023\/05\/ecg.jpg\" data-ll-status=\"loaded\"><\/a><\/p>\n<p><strong>Angaben zur Online-Streitbeilegung<\/strong><\/p>\n<p>Verbraucher haben die M\u00f6glichkeit, Beschwerden an die Online-Streitbeilegungsplattform der EU zu richten:<a href=\"http:\/\/ec.europa.eu\/odr\" target=\"_blank\" rel=\"nofollow noopener\"> http:\/\/ec.europa.eu\/odr<\/a>.<br \/>Sie k\u00f6nnen allf\u00e4llige Beschwerde auch an die oben angegebene E-Mail-Adresse richten.<\/p>\n<p><strong>Urheberrecht<\/strong><\/p>\n<p>Der Inhalt dieser Website ist urheberrechtlich gesch\u00fctzt. Die Bereitstellung von Inhalten und Bildmaterial dieser Website auf anderen Websites ist nur mit ausdr\u00fccklicher Genehmigung des Herausgebers gestattet. Die auf dieser Website enthaltenen Angaben werden nach bestem Wissen erstellt und mit gro\u00dfer Sorgfalt auf ihre Richtigkeit \u00fcberpr\u00fcft. Trotzdem sind inhaltliche und sachliche Fehler nicht vollst\u00e4ndig auszuschlie\u00dfen. Unser Unternehmen \u00fcbernimmt keinerlei Garantie und Haftung f\u00fcr die Richtigkeit, Aktualit\u00e4t und Vollst\u00e4ndigkeit der bereitgestellten Informationen. Alle Angaben sind ohne Gew\u00e4hr.<\/p>\n<p><strong>Haftungsausschluss<\/strong><\/p>\n<p>Der Autor bzw. Betreiber dieser Webseiten ist bestrebt, die darin angebotenen Informationen nach bestem Wissen und Gewissen aktuell, vollst\u00e4ndig und richtig darzustellen und aktuell zu halten. Dennoch wird jegliche Haftung f\u00fcr Sch\u00e4den und sonstige wie immer geartete Nachteile ausgeschlossen, die sich aus der Nutzung (oder Nichtnutzung) der angebotenen Informationen ergeben k\u00f6nnen \u2013 dies auch und insbesondere dann, wenn diese Sch\u00e4den\/Nachteile auf die Nutzung von allenfalls nicht aktuellen, unvollst\u00e4ndigen bzw. fehlerhaften Informationen zur\u00fcckzuf\u00fchren sind. Dies gilt dann nicht, wenn seitens des Autors bzw. Betreibers ein vors\u00e4tzliches oder grob fahrl\u00e4ssiges Verhalten vorliegt.<\/p>\n<p>Verweise auf fremde Webseiten (Links, Hyperlinks) liegen au\u00dferhalb des Verantwortungsbereiches des Autors und Betreibers. F\u00fcr Inhalte externer Internetseiten wird demgem\u00e4\u00df keine wie immer geartete Verantwortung bzw. Haftung \u00fcbernommen; insbesondere wird jede Haftung f\u00fcr deren Aussagen, Gestaltung und Inhalte ausgeschlossen, zumal kein Einfluss auf Inhalte und Gestaltung von gelinkten Seiten besteht. F\u00fcr Inhalte von Seiten, auf welche von Seiten dieser Webseiten verwiesen wird, haftet somit allein der Anbieter dieser fremden Webseiten \u2013 niemals jedoch derjenige, der durch einen Link auf fremde Publikationen und Inhalte verweist. Sollten gelinkte Seiten (insbesondere durch Ver\u00e4nderung der Inhalte nach dem Setzen des Links) illegale, fehlerhafte, unvollst\u00e4ndige, beleidigende oder sittenwidrige Informationen beinhalten und gelangen derartige Inhalte von gelinkten Seiten zur Kenntnis, so wird der Link auf derartige Seiten unverz\u00fcglich unterbunden.<\/p>\n<p>Zudem wird keine wie immer geartete Haftung und Verantwortung f\u00fcr fremde Websiten \u00fcbernommen, von denen durch Hyperlinks auf unsere Website verwiesen wird. Eine laufende Kontrolle von Seiten, zu denen man durch Hyperlinks gelangen kann oder von denen durch Hyperlinks auf unsere Website verwiesen wird, erfolgt nicht. Wir machen uns den Inhalt von Seiten, zu denen man von unserer Website durch Hyperlinks gelangen kann oder von denen durch Hyperlinks auf unsere Website verwiesen wird, auch nicht zu eigen.<\/p>\n<p><strong>Quellenangaben Bilder<\/strong><\/p>\n<p>Eigene<br \/>Texte, Bilder und Grafiken dieser Seite d\u00fcrfen nur nach ausdr\u00fccklicher Genehmigung der Eigent\u00fcmer verwendet werden.<\/p>\n<p><strong>Datenschutz<\/strong><\/p>\n<p>Unsere Datenschutzerkl\u00e4rung finden Sie hier: <a href=\"https:\/\/www.residenz-koenigsleiten.at\/nl\/datenschutz\/\" target=\"_blank\" rel=\"noopener noreferrer\">https:\/\/www.residenz-koenigsleiten.at\/datenschutz<\/a><\/p>\n\t\t\t\t\t\t<\/div>\n\t\t\t\t<\/div>\n\t\t\t\t\t<\/div>\n\t\t<\/div>\n\t\t\t\t\t<\/div>\n\t\t<\/section>\n\t\t\t\t<\/div>\n\t\t","protected":false},"excerpt":{"rendered":"<p>Informationspflicht lt. \u00a75 E-Commerce-Gesetz, \u00a714 Unternehmensgesetzbuch bzw. \u00a763 Gewerbeordnung und Offenlegungspflicht lt. \u00a725 Mediengesetz Afdruk Familie ObermoserResidenz K\u00f6nigsleitenK\u00f6nigsleiten 615742 K\u00f6nigsleiten\u00d6sterreich +43 6564 8216Email: info@residenz-koenigsleiten.at Unternehmensgegenstand: Gastronomie &amp; HotellerieUID: ATU33719107Firmenbuchnummer: FN 61201bFirmenbuch-Gericht: Landesgericht SalzburgFirmensitz: 5742 K\u00f6nigsleiten Wirtschaftskammer: Wirtschaftskammer Salzburg, FG Gastronomie, FG HotellerieAnwendbare Rechtsvorschriften: Gewerbeordnung: Rechtsinformationssystem des Bundes https:\/\/www.ris.bka.gv.at\/Aufsichtsbeh\u00f6rde: Bezirkshauptmannschaft Zell am SeeGerichtsstand: Zell am See [&hellip;]<\/p>\n","protected":false},"author":1,"featured_media":0,"parent":0,"menu_order":0,"comment_status":"closed","ping_status":"closed","template":"","meta":{"_monsterinsights_skip_tracking":false,"_monsterinsights_sitenote_active":false,"_monsterinsights_sitenote_note":"","_monsterinsights_sitenote_category":0,"site-sidebar-layout":"no-sidebar","site-content-layout":"page-builder","ast-site-content-layout":"","site-content-style":"default","site-sidebar-style":"default","ast-global-header-display":"","ast-banner-title-visibility":"","ast-main-header-display":"","ast-hfb-above-header-display":"","ast-hfb-below-header-display":"","ast-hfb-mobile-header-display":"","site-post-title":"disabled","ast-breadcrumbs-content":"disabled","ast-featured-img":"disabled","footer-sml-layout":"","theme-transparent-header-meta":"enabled","adv-header-id-meta":"","stick-header-meta":"","header-above-stick-meta":"","header-main-stick-meta":"","header-below-stick-meta":"","astra-migrate-meta-layouts":"default","ast-page-background-enabled":"default","ast-page-background-meta":{"desktop":{"background-color":"","background-image":"","background-repeat":"repeat","background-position":"center center","background-size":"auto","background-attachment":"scroll","background-type":"","background-media":"","overlay-type":"","overlay-color":"","overlay-opacity":"","overlay-gradient":""},"tablet":{"background-color":"","background-image":"","background-repeat":"repeat","background-position":"center center","background-size":"auto","background-attachment":"scroll","background-type":"","background-media":"","overlay-type":"","overlay-color":"","overlay-opacity":"","overlay-gradient":""},"mobile":{"background-color":"","background-image":"","background-repeat":"repeat","background-position":"center center","background-size":"auto","background-attachment":"scroll","background-type":"","background-media":"","overlay-type":"","overlay-color":"","overlay-opacity":"","overlay-gradient":""}},"ast-content-background-meta":{"desktop":{"background-color":"var(--ast-global-color-5)","background-image":"","background-repeat":"repeat","background-position":"center center","background-size":"auto","background-attachment":"scroll","background-type":"","background-media":"","overlay-type":"","overlay-color":"","overlay-opacity":"","overlay-gradient":""},"tablet":{"background-color":"var(--ast-global-color-5)","background-image":"","background-repeat":"repeat","background-position":"center center","background-size":"auto","background-attachment":"scroll","background-type":"","background-media":"","overlay-type":"","overlay-color":"","overlay-opacity":"","overlay-gradient":""},"mobile":{"background-color":"var(--ast-global-color-5)","background-image":"","background-repeat":"repeat","background-position":"center center","background-size":"auto","background-attachment":"scroll","background-type":"","background-media":"","overlay-type":"","overlay-color":"","overlay-opacity":"","overlay-gradient":""}},"footnotes":""},"class_list":["post-2764","page","type-page","status-publish","hentry"],"yoast_head":"<!-- This site is optimized with the Yoast SEO plugin v22.8 - https:\/\/yoast.com\/wordpress\/plugins\/seo\/ -->\n<title>Afdruk - Residenz K\u00f6nigsleiten<\/title>\n<meta name=\"description\" content=\"Erfahren Sie mehr \u00fcber die Residenz K\u00f6nigsleiten - Besuchen Sie unser Impressum f\u00fcr Informationen zum Unternehmen &amp; rechtlichen Hinweisen.\" \/>\n<meta name=\"robots\" content=\"index, follow, max-snippet:-1, max-image-preview:large, max-video-preview:-1\" \/>\n<link rel=\"canonical\" href=\"https:\/\/www.residenz-koenigsleiten.at\/nl\/impressum\/\" \/>\n<meta property=\"og:locale\" content=\"nl_NL\" \/>\n<meta property=\"og:type\" content=\"article\" \/>\n<meta property=\"og:title\" content=\"Afdruk - Residenz K\u00f6nigsleiten\" \/>\n<meta property=\"og:description\" content=\"Erfahren Sie mehr \u00fcber die Residenz K\u00f6nigsleiten - Besuchen Sie unser Impressum f\u00fcr Informationen zum Unternehmen &amp; rechtlichen Hinweisen.\" \/>\n<meta property=\"og:url\" content=\"https:\/\/www.residenz-koenigsleiten.at\/nl\/impressum\/\" \/>\n<meta property=\"og:site_name\" content=\"Residenz K\u00f6nigsleiten\" \/>\n<meta property=\"article:modified_time\" content=\"2026-04-13T06:39:21+00:00\" \/>\n<meta property=\"og:image\" content=\"https:\/\/www.residenz-koenigsleiten.at\/wp-content\/uploads\/2023\/05\/Residenz-Koenigsleiten.jpg\" \/>\n\t<meta property=\"og:image:width\" content=\"2500\" \/>\n\t<meta property=\"og:image:height\" content=\"1410\" \/>\n\t<meta property=\"og:image:type\" content=\"image\/jpeg\" \/>\n<meta name=\"twitter:card\" content=\"summary_large_image\" \/>\n<meta name=\"twitter:label1\" content=\"Geschatte leestijd\" \/>\n\t<meta name=\"twitter:data1\" content=\"3 minuten\" \/>\n<script type=\"application\/ld+json\" class=\"yoast-schema-graph\">{\"@context\":\"https:\/\/schema.org\",\"@graph\":[{\"@type\":\"WebPage\",\"@id\":\"https:\/\/www.residenz-koenigsleiten.at\/nl\/impressum\/\",\"url\":\"https:\/\/www.residenz-koenigsleiten.at\/nl\/impressum\/\",\"name\":\"Afdruk - Residenz K\u00f6nigsleiten\",\"isPartOf\":{\"@id\":\"https:\/\/www.residenz-koenigsleiten.at\/#website\"},\"datePublished\":\"2023-06-02T08:15:59+00:00\",\"dateModified\":\"2026-04-13T06:39:21+00:00\",\"description\":\"Erfahren Sie mehr \u00fcber die Residenz K\u00f6nigsleiten - Besuchen Sie unser Impressum f\u00fcr Informationen zum Unternehmen & rechtlichen Hinweisen.\",\"breadcrumb\":{\"@id\":\"https:\/\/www.residenz-koenigsleiten.at\/nl\/impressum\/#breadcrumb\"},\"inLanguage\":\"nl-NL\",\"potentialAction\":[{\"@type\":\"ReadAction\",\"target\":[\"https:\/\/www.residenz-koenigsleiten.at\/nl\/impressum\/\"]}]},{\"@type\":\"BreadcrumbList\",\"@id\":\"https:\/\/www.residenz-koenigsleiten.at\/nl\/impressum\/#breadcrumb\",\"itemListElement\":[{\"@type\":\"ListItem\",\"position\":1,\"name\":\"Startseite\",\"item\":\"https:\/\/www.residenz-koenigsleiten.at\/nl\/\"},{\"@type\":\"ListItem\",\"position\":2,\"name\":\"Afdruk\"}]},{\"@type\":\"WebSite\",\"@id\":\"https:\/\/www.residenz-koenigsleiten.at\/#website\",\"url\":\"https:\/\/www.residenz-koenigsleiten.at\/\",\"name\":\"Residenz K\u00f6nigsleiten\",\"description\":\"\",\"publisher\":{\"@id\":\"https:\/\/www.residenz-koenigsleiten.at\/#organization\"},\"potentialAction\":[{\"@type\":\"SearchAction\",\"target\":{\"@type\":\"EntryPoint\",\"urlTemplate\":\"https:\/\/www.residenz-koenigsleiten.at\/?s={search_term_string}\"},\"query-input\":\"required name=search_term_string\"}],\"inLanguage\":\"nl-NL\"},{\"@type\":\"Organization\",\"@id\":\"https:\/\/www.residenz-koenigsleiten.at\/#organization\",\"name\":\"Residenz K\u00f6nigsleiten\",\"url\":\"https:\/\/www.residenz-koenigsleiten.at\/\",\"logo\":{\"@type\":\"ImageObject\",\"inLanguage\":\"nl-NL\",\"@id\":\"https:\/\/www.residenz-koenigsleiten.at\/#\/schema\/logo\/image\/\",\"url\":\"https:\/\/www.residenz-koenigsleiten.at\/wp-content\/uploads\/2023\/05\/Logo.png\",\"contentUrl\":\"https:\/\/www.residenz-koenigsleiten.at\/wp-content\/uploads\/2023\/05\/Logo.png\",\"width\":209,\"height\":60,\"caption\":\"Residenz K\u00f6nigsleiten\"},\"image\":{\"@id\":\"https:\/\/www.residenz-koenigsleiten.at\/#\/schema\/logo\/image\/\"}}]}<\/script>\n<!-- \/ Yoast SEO plugin. -->","yoast_head_json":{"title":"Afdruk - Residenz K\u00f6nigsleiten","description":"Erfahren Sie mehr \u00fcber die Residenz K\u00f6nigsleiten - Besuchen Sie unser Impressum f\u00fcr Informationen zum Unternehmen & rechtlichen Hinweisen.","robots":{"index":"index","follow":"follow","max-snippet":"max-snippet:-1","max-image-preview":"max-image-preview:large","max-video-preview":"max-video-preview:-1"},"canonical":"https:\/\/www.residenz-koenigsleiten.at\/nl\/impressum\/","og_locale":"nl_NL","og_type":"article","og_title":"Afdruk - Residenz K\u00f6nigsleiten","og_description":"Erfahren Sie mehr \u00fcber die Residenz K\u00f6nigsleiten - Besuchen Sie unser Impressum f\u00fcr Informationen zum Unternehmen & rechtlichen Hinweisen.","og_url":"https:\/\/www.residenz-koenigsleiten.at\/nl\/impressum\/","og_site_name":"Residenz K\u00f6nigsleiten","article_modified_time":"2026-04-13T06:39:21+00:00","og_image":[{"width":2500,"height":1410,"url":"https:\/\/www.residenz-koenigsleiten.at\/wp-content\/uploads\/2023\/05\/Residenz-Koenigsleiten.jpg","type":"image\/jpeg"}],"twitter_card":"summary_large_image","twitter_misc":{"Geschatte leestijd":"3 minuten"},"schema":{"@context":"https:\/\/schema.org","@graph":[{"@type":"WebPage","@id":"https:\/\/www.residenz-koenigsleiten.at\/nl\/impressum\/","url":"https:\/\/www.residenz-koenigsleiten.at\/nl\/impressum\/","name":"Afdruk - Residenz K\u00f6nigsleiten","isPartOf":{"@id":"https:\/\/www.residenz-koenigsleiten.at\/#website"},"datePublished":"2023-06-02T08:15:59+00:00","dateModified":"2026-04-13T06:39:21+00:00","description":"Erfahren Sie mehr \u00fcber die Residenz K\u00f6nigsleiten - Besuchen Sie unser Impressum f\u00fcr Informationen zum Unternehmen & rechtlichen Hinweisen.","breadcrumb":{"@id":"https:\/\/www.residenz-koenigsleiten.at\/nl\/impressum\/#breadcrumb"},"inLanguage":"nl-NL","potentialAction":[{"@type":"ReadAction","target":["https:\/\/www.residenz-koenigsleiten.at\/nl\/impressum\/"]}]},{"@type":"BreadcrumbList","@id":"https:\/\/www.residenz-koenigsleiten.at\/nl\/impressum\/#breadcrumb","itemListElement":[{"@type":"ListItem","position":1,"name":"Startseite","item":"https:\/\/www.residenz-koenigsleiten.at\/nl\/"},{"@type":"ListItem","position":2,"name":"Afdruk"}]},{"@type":"WebSite","@id":"https:\/\/www.residenz-koenigsleiten.at\/#website","url":"https:\/\/www.residenz-koenigsleiten.at\/","name":"Residenz K\u00f6nigsleiten","description":"","publisher":{"@id":"https:\/\/www.residenz-koenigsleiten.at\/#organization"},"potentialAction":[{"@type":"SearchAction","target":{"@type":"EntryPoint","urlTemplate":"https:\/\/www.residenz-koenigsleiten.at\/?s={search_term_string}"},"query-input":"required name=search_term_string"}],"inLanguage":"nl-NL"},{"@type":"Organization","@id":"https:\/\/www.residenz-koenigsleiten.at\/#organization","name":"Residenz K\u00f6nigsleiten","url":"https:\/\/www.residenz-koenigsleiten.at\/","logo":{"@type":"ImageObject","inLanguage":"nl-NL","@id":"https:\/\/www.residenz-koenigsleiten.at\/#\/schema\/logo\/image\/","url":"https:\/\/www.residenz-koenigsleiten.at\/wp-content\/uploads\/2023\/05\/Logo.png","contentUrl":"https:\/\/www.residenz-koenigsleiten.at\/wp-content\/uploads\/2023\/05\/Logo.png","width":209,"height":60,"caption":"Residenz K\u00f6nigsleiten"},"image":{"@id":"https:\/\/www.residenz-koenigsleiten.at\/#\/schema\/logo\/image\/"}}]}},"_links":{"self":[{"href":"https:\/\/www.residenz-koenigsleiten.at\/nl\/wp-json\/wp\/v2\/pages\/2764","targetHints":{"allow":["GET"]}}],"collection":[{"href":"https:\/\/www.residenz-koenigsleiten.at\/nl\/wp-json\/wp\/v2\/pages"}],"about":[{"href":"https:\/\/www.residenz-koenigsleiten.at\/nl\/wp-json\/wp\/v2\/types\/page"}],"author":[{"embeddable":true,"href":"https:\/\/www.residenz-koenigsleiten.at\/nl\/wp-json\/wp\/v2\/users\/1"}],"replies":[{"embeddable":true,"href":"https:\/\/www.residenz-koenigsleiten.at\/nl\/wp-json\/wp\/v2\/comments?post=2764"}],"version-history":[{"count":0,"href":"https:\/\/www.residenz-koenigsleiten.at\/nl\/wp-json\/wp\/v2\/pages\/2764\/revisions"}],"wp:attachment":[{"href":"https:\/\/www.residenz-koenigsleiten.at\/nl\/wp-json\/wp\/v2\/media?parent=2764"}],"curies":[{"name":"wp","href":"https:\/\/api.w.org\/{rel}","templated":true}]}}